{"id":136,"date":"2016-10-25T11:13:31","date_gmt":"2016-10-25T11:13:31","guid":{"rendered":"https:\/\/hroptimum.hu\/?page_id=136"},"modified":"2016-11-03T21:09:15","modified_gmt":"2016-11-03T21:09:15","slug":"hr-csapat","status":"publish","type":"page","link":"https:\/\/hroptimum.hu\/index.php\/hr-csapat\/","title":{"rendered":"HR csapat"},"content":{"rendered":"<p>[et_pb_section fullwidth=&#8221;on&#8221; specialty=&#8221;off&#8221; admin_label=&#8221;Szakasz&#8221;][et_pb_fullwidth_slider admin_label=&#8221;Teljes sz\u00e9less\u00e9g\u0171 lapoz\u00f3&#8221; show_arrows=&#8221;on&#8221; show_pagination=&#8221;on&#8221; auto=&#8221;off&#8221; auto_ignore_hover=&#8221;off&#8221; parallax=&#8221;off&#8221; parallax_method=&#8221;off&#8221; remove_inner_shadow=&#8221;off&#8221; background_position=&#8221;default&#8221; background_size=&#8221;default&#8221; hide_content_on_mobile=&#8221;off&#8221; hide_cta_on_mobile=&#8221;off&#8221; show_image_video_mobile=&#8221;off&#8221; custom_button=&#8221;off&#8221; button_letter_spacing=&#8221;0&#8243; button_use_icon=&#8221;default&#8221; button_icon_placement=&#8221;right&#8221; button_on_hover=&#8221;on&#8221; button_letter_spacing_hover=&#8221;0&#8243;] [et_pb_slide heading=&#8221;HR CSAPAT&#8221; background_image=&#8221;https:\/\/hroptimum.hu\/wp-content\/uploads\/2016\/10\/bussines_coach_hr_potimum_hu.jpg&#8221; background_position=&#8221;center&#8221; background_size=&#8221;cover&#8221; background_color=&#8221;#ffffff&#8221; use_bg_overlay=&#8221;off&#8221; use_text_overlay=&#8221;off&#8221; alignment=&#8221;center&#8221; background_layout=&#8221;light&#8221; allow_player_pause=&#8221;off&#8221; text_border_radius=&#8221;3&#8243; header_font_select=&#8221;default&#8221; header_font=&#8221;||||&#8221; body_font_select=&#8221;default&#8221; body_font=&#8221;||||&#8221; custom_button=&#8221;off&#8221; button_font_select=&#8221;default&#8221; button_font=&#8221;||||&#8221; button_use_icon=&#8221;default&#8221; button_icon_placement=&#8221;right&#8221; button_on_hover=&#8221;on&#8221;] [\/et_pb_slide] [\/et_pb_fullwidth_slider][\/et_pb_section][et_pb_section admin_label=&#8221;section&#8221;][et_pb_row admin_label=&#8221;row&#8221;][et_pb_column type=&#8221;4_4&#8243;][et_pb_text admin_label=&#8221;Sz\u00f6veg&#8221;]<\/p>\n<h4 style=\"text-align: justify;\">HR csapatunk elk\u00f6telezett a hum\u00e1ner\u0151forr\u00e1s tan\u00e1csad\u00e1sban \u00e9s hum\u00e1ner\u0151forr\u00e1s szolg\u00e1ltat\u00e1sok tekintet\u00e9ben, a legk\u00fcl\u00f6nb\u00f6z\u0151bb ipar\u00e1gakban is. Gyakorlott HR szakembereink foglalkoznak oktat\u00e1ssal, k\u00e9pz\u00e9sekkel, hogy biztos\u00edtsuk \u00fcgyfeleink c\u00e9g\u00e9nek hat\u00e9kony \u00e9s jogszer\u0171 m\u0171k\u00f6d\u00e9s\u00e9t, strat\u00e9giai stabilit\u00e1st. HR csapatunk testre szabhat\u00f3 megold\u00e1st ny\u00fajt v\u00e1llalkoz\u00e1sa egy\u00e9ni ig\u00e9nyeire \u00e9s probl\u00e9m\u00e1ira, amelyek hum\u00e1ner\u0151forr\u00e1son alapulnak.<\/h4>\n<p style=\"text-align: justify;\">Munkat\u00e1rsaink tapasztalt HR szakemberek, akik k\u00f6zvetlen\u00fcl \u00d6nnel dolgoznak, hogy els\u0151rang\u00fa HR szolg\u00e1ltat\u00e1sokkal t\u00e1mogass\u00e1k v\u00e1llalkoz\u00e1s\u00e1t. Minden egyes munkat\u00e1rsunk rendelkezik munkatapasztalattal a kis-, k\u00f6z\u00e9p- \u00e9s nagyv\u00e1llalatok ter\u00e9n, \u00e9s \u00e9rtik ezek egyedi jelleg\u00e9t. Seg\u00edt\u00fcnk \u00fcgyfeleinknek olyan munkahelyi k\u00f6rnyezetet teremteni, ahol az alkalmazottak hat\u00e9konyan dolgoznak, motiv\u00e1ltak \u00e9s el\u0151seg\u00edtik a j\u00f6vedelmez\u0151 v\u00e1llalkoz\u00e1st.<\/p>\n<p style=\"text-align: justify;\"><img loading=\"lazy\" decoding=\"async\" class=\" wp-image-139 alignright\" src=\"https:\/\/hroptimum.hu\/wp-content\/uploads\/2016\/10\/hr_csapat_1_hroptimum_hu.jpg\" alt=\"hr_csapat_1_hroptimum_hu\" width=\"332\" height=\"208\" srcset=\"https:\/\/hroptimum.hu\/wp-content\/uploads\/2016\/10\/hr_csapat_1_hroptimum_hu.jpg 400w, https:\/\/hroptimum.hu\/wp-content\/uploads\/2016\/10\/hr_csapat_1_hroptimum_hu-300x188.jpg 300w\" sizes=\"(max-width: 332px) 100vw, 332px\" \/>T\u00f6bb ipar\u00e1gban is vannak partnereink, akiknek seg\u00edtett\u00fcnk el\u00e9rni egy magasabb c\u00e9lt, k\u00f6lts\u00e9ghat\u00e9kony \u00e9s megfizethet\u0151 HR szolg\u00e1ltat\u00e1sokkal, amelyek lehet\u0151v\u00e9 tett\u00e9k, hogy \u00fcgyfeleink arra sz\u00e1njanak id\u0151t, amihez a legjobban \u00e9rtenek. Megalakul\u00e1sunk \u00f3ta rengeteg \u00fcgyfelet kiszolg\u00e1ltunk t\u00f6bb ipar\u00e1gban ipar\u00e1gakban.<\/p>\n<p style=\"text-align: justify;\">Felejtse el a HR c\u00e9gek hagyom\u00e1nyos gondolat\u00e1t! A mi HR csapatunk holisztikusan gondolkodik, els\u0151sorban hum\u00e1ner\u0151forr\u00e1son alapul\u00f3 megold\u00e1sokat keres, figyelembe veszi az \u00fcgyf\u00e9l ig\u00e9nyeit, hogy a megold\u00e1sok illeszkedjenek a v\u00e1llalati kult\u00far\u00e1ba. F\u00fcggetlen szeml\u00e9l\u0151k\u00e9nt elfogulatlan tan\u00e1csokat adunk, minden szolg\u00e1ltat\u00e1sunk hum\u00e1ner\u0151forr\u00e1son alapszik.<\/p>\n<p style=\"text-align: justify;\">Az innovat\u00edv HR szolg\u00e1ltat\u00e1sainkhoz folyamatosan k\u00f6vetj\u00fck a legfrissebb trendeket, figyel\u00fcnk a t\u00f6rv\u00e9nyi v\u00e1ltoz\u00e1sokat, \u00e9s j\u00f3l ismerj\u00fck az egyes ipar\u00e1gak aktu\u00e1lis helyzet\u00e9t. A hum\u00e1ner\u0151forr\u00e1s probl\u00e9m\u00e1k folyamat orient\u00e1lt megk\u00f6zel\u00edt\u00e9s\u00e9t egyed\u00fcl\u00e1ll\u00f3 technik\u00e1kkal igyeksz\u00fcnk megval\u00f3s\u00edtani, szeml\u00e9let\u00fcnket \u00e9s megold\u00e1sainkat a leg\u00fajabb kutat\u00e1sok eredm\u00e9nyeihez igaz\u00edtani. \u00c1lland\u00f3 sz\u00ednvonal meghat\u00e1roz\u00e1s\u00e1val, \u00e9s minden szolg\u00e1ltat\u00e1s folyamatainak pontos megtervez\u00e9s\u00e9vel min\u0151s\u00e9gi szolg\u00e1ltat\u00e1st ny\u00fajtunk \u00d6nnek.<\/p>\n<p>[\/et_pb_text][\/et_pb_column][\/et_pb_row][\/et_pb_section]<\/p>\n","protected":false},"excerpt":{"rendered":"<p>HR csapatunk elk\u00f6telezett a hum\u00e1ner\u0151forr\u00e1s tan\u00e1csad\u00e1sban \u00e9s hum\u00e1ner\u0151forr\u00e1s szolg\u00e1ltat\u00e1sok tekintet\u00e9ben, a legk\u00fcl\u00f6nb\u00f6z\u0151bb ipar\u00e1gakban is. Gyakorlott HR szakembereink foglalkoznak oktat\u00e1ssal, k\u00e9pz\u00e9sekkel, hogy biztos\u00edtsuk \u00fcgyfeleink c\u00e9g\u00e9nek hat\u00e9kony \u00e9s jogszer\u0171 m\u0171k\u00f6d\u00e9s\u00e9t, strat\u00e9giai stabilit\u00e1st. HR csapatunk testre szabhat\u00f3 megold\u00e1st ny\u00fajt v\u00e1llalkoz\u00e1sa egy\u00e9ni ig\u00e9nyeire \u00e9s probl\u00e9m\u00e1ira, amelyek hum\u00e1ner\u0151forr\u00e1son alapulnak. Munkat\u00e1rsaink tapasztalt HR szakemberek, akik k\u00f6zvetlen\u00fcl \u00d6nnel dolgoznak, hogy els\u0151rang\u00fa HR [&hellip;]<\/p>\n","protected":false},"author":2,"featured_media":199,"parent":0,"menu_order":0,"comment_status":"closed","ping_status":"closed","template":"","meta":{"_et_pb_use_builder":"on","_et_pb_old_content":"<h4 style=\"text-align: justify;\">HR csapatunk elk\u00f6telezett a hum\u00e1ner\u0151forr\u00e1s tan\u00e1csad\u00e1sban \u00e9s hum\u00e1ner\u0151forr\u00e1s szolg\u00e1ltat\u00e1sok tekintet\u00e9ben, a legk\u00fcl\u00f6nb\u00f6z\u0151bb ipar\u00e1gakban is. Gyakorlott HR szakembereink foglalkoznak oktat\u00e1ssal, k\u00e9pz\u00e9sekkel, hogy biztos\u00edtsuk \u00fcgyfeleink c\u00e9g\u00e9nek hat\u00e9kony \u00e9s jogszer\u0171 m\u0171k\u00f6d\u00e9s\u00e9t, strat\u00e9giai stabilit\u00e1st. HR csapatunk testre szabhat\u00f3 megold\u00e1st ny\u00fajt v\u00e1llalkoz\u00e1sa egy\u00e9ni ig\u00e9nyeire \u00e9s probl\u00e9m\u00e1ira, amelyek hum\u00e1ner\u0151forr\u00e1son alapulnak.<\/h4><p style=\"text-align: justify;\">Munkat\u00e1rsaink tapasztalt HR szakemberek, akik k\u00f6zvetlen\u00fcl \u00d6nnel dolgoznak, hogy els\u0151rang\u00fa HR szolg\u00e1ltat\u00e1sokkal t\u00e1mogass\u00e1k v\u00e1llalkoz\u00e1s\u00e1t. Minden egyes munkat\u00e1rsunk rendelkezik munkatapasztalattal a kis-, k\u00f6z\u00e9p- \u00e9s nagyv\u00e1llalatok ter\u00e9n, \u00e9s \u00e9rtik ezek egyedi jelleg\u00e9t. Seg\u00edt\u00fcnk \u00fcgyfeleinknek olyan munkahelyi k\u00f6rnyezetet teremteni, ahol az alkalmazottak hat\u00e9konyan dolgoznak, motiv\u00e1ltak \u00e9s el\u0151seg\u00edtik a j\u00f6vedelmez\u0151 v\u00e1llalkoz\u00e1st.<\/p><p style=\"text-align: justify;\"><img class=\" wp-image-139 alignright\" src=\"https:\/\/hroptimum.hu\/wp-content\/uploads\/2016\/10\/hr_csapat_1_hroptimum_hu.jpg\" alt=\"hr_csapat_1_hroptimum_hu\" width=\"332\" height=\"208\" \/>T\u00f6bb ipar\u00e1gban is vannak partnereink, akiknek seg\u00edtett\u00fcnk el\u00e9rni egy magasabb c\u00e9lt, k\u00f6lts\u00e9ghat\u00e9kony \u00e9s megfizethet\u0151 HR szolg\u00e1ltat\u00e1sokkal, amelyek lehet\u0151v\u00e9 tett\u00e9k, hogy \u00fcgyfeleink arra sz\u00e1njanak id\u0151t, amihez a legjobban \u00e9rtenek. Megalakul\u00e1sunk \u00f3ta rengeteg \u00fcgyfelet kiszolg\u00e1ltunk t\u00f6bb ipar\u00e1gban ipar\u00e1gakban.<\/p><p style=\"text-align: justify;\">Felejtse el a HR c\u00e9gek hagyom\u00e1nyos gondolat\u00e1t! A mi HR csapatunk holisztikusan gondolkodik, els\u0151sorban hum\u00e1ner\u0151forr\u00e1son alapul\u00f3 megold\u00e1sokat keres, figyelembe veszi az \u00fcgyf\u00e9l ig\u00e9nyeit, hogy a megold\u00e1sok illeszkedjenek a v\u00e1llalati kult\u00far\u00e1ba. F\u00fcggetlen szeml\u00e9l\u0151k\u00e9nt elfogulatlan tan\u00e1csokat adunk, minden szolg\u00e1ltat\u00e1sunk hum\u00e1ner\u0151forr\u00e1son alapszik.<\/p><p style=\"text-align: justify;\">Az innovat\u00edv HR szolg\u00e1ltat\u00e1sainkhoz folyamatosan k\u00f6vetj\u00fck a legfrissebb trendeket, figyel\u00fcnk a t\u00f6rv\u00e9nyi v\u00e1ltoz\u00e1sokat, \u00e9s j\u00f3l ismerj\u00fck az egyes ipar\u00e1gak aktu\u00e1lis helyzet\u00e9t. A hum\u00e1ner\u0151forr\u00e1s probl\u00e9m\u00e1k folyamat orient\u00e1lt megk\u00f6zel\u00edt\u00e9s\u00e9t egyed\u00fcl\u00e1ll\u00f3 technik\u00e1kkal igyeksz\u00fcnk megval\u00f3s\u00edtani, szeml\u00e9let\u00fcnket \u00e9s megold\u00e1sainkat a leg\u00fajabb kutat\u00e1sok eredm\u00e9nyeihez igaz\u00edtani. \u00c1lland\u00f3 sz\u00ednvonal meghat\u00e1roz\u00e1s\u00e1val, \u00e9s minden szolg\u00e1ltat\u00e1s folyamatainak pontos megtervez\u00e9s\u00e9vel min\u0151s\u00e9gi szolg\u00e1ltat\u00e1st ny\u00fajtunk \u00d6nnek.<\/p>","_et_gb_content_width":"","footnotes":""},"class_list":["post-136","page","type-page","status-publish","has-post-thumbnail","hentry"],"aioseo_notices":[],"_links":{"self":[{"href":"https:\/\/hroptimum.hu\/index.php\/wp-json\/wp\/v2\/pages\/136","targetHints":{"allow":["GET"]}}],"collection":[{"href":"https:\/\/hroptimum.hu\/index.php\/wp-json\/wp\/v2\/pages"}],"about":[{"href":"https:\/\/hroptimum.hu\/index.php\/wp-json\/wp\/v2\/types\/page"}],"author":[{"embeddable":true,"href":"https:\/\/hroptimum.hu\/index.php\/wp-json\/wp\/v2\/users\/2"}],"replies":[{"embeddable":true,"href":"https:\/\/hroptimum.hu\/index.php\/wp-json\/wp\/v2\/comments?post=136"}],"version-history":[{"count":11,"href":"https:\/\/hroptimum.hu\/index.php\/wp-json\/wp\/v2\/pages\/136\/revisions"}],"predecessor-version":[{"id":338,"href":"https:\/\/hroptimum.hu\/index.php\/wp-json\/wp\/v2\/pages\/136\/revisions\/338"}],"wp:featuredmedia":[{"embeddable":true,"href":"https:\/\/hroptimum.hu\/index.php\/wp-json\/wp\/v2\/media\/199"}],"wp:attachment":[{"href":"https:\/\/hroptimum.hu\/index.php\/wp-json\/wp\/v2\/media?parent=136"}],"curies":[{"name":"wp","href":"https:\/\/api.w.org\/{rel}","templated":true}]}}