{"id":146,"date":"2016-10-25T11:08:07","date_gmt":"2016-10-25T11:08:07","guid":{"rendered":"https:\/\/hroptimum.hu\/?page_id=146"},"modified":"2016-11-06T16:28:10","modified_gmt":"2016-11-06T16:28:10","slug":"kuldetesunk","status":"publish","type":"page","link":"https:\/\/hroptimum.hu\/index.php\/kuldetesunk\/","title":{"rendered":"K\u00fcldet\u00e9s\u00fcnk"},"content":{"rendered":"<h3 style=\"text-align: center;\">C\u00e9g\u00fcnk k\u00fcldet\u00e9s\u00e9nek \u00e9rzi, hogy\u00a0el\u00e9gedett\u00e9 \u00e9s sikeress\u00e9 \u00a0tegye \u00fcgyfeleit kiv\u00e1l\u00f3 szolg\u00e1ltat\u00e1sokkal, \u00a0min\u0151s\u00e9gi megold\u00e1sokkal a hum\u00e1ner\u0151forr\u00e1s t\u00e1mogat\u00e1sa \u00e9s szervezetfejleszt\u00e9s ter\u00fclet\u00e9n!<\/h3>\n<p>&nbsp;<\/p>\n<h4 style=\"text-align: justify;\">Ebb\u0151l a c\u00e9lb\u00f3l hoztuk l\u00e9tre a k\u00f6vetkez\u0151 alapelveket, \u00e9rt\u00e9keket:<\/h4>\n<p>&nbsp;<\/p>\n<ul>\n<li style=\"text-align: justify;\">Min\u0151s\u00e9gellen\u0151rz\u00e9s a min\u0151s\u00e9gi el\u0151\u00edr\u00e1sok \u00e9s alapelvek alapj\u00e1n, folyamatok k\u00f6vet\u00e9se minden HR szolg\u00e1ltat\u00e1s eset\u00e9ben.<\/li>\n<li style=\"text-align: justify;\">Felesleges p\u00e1rhuzamos folyamatok kivon\u00e1sa, hat\u00e9konys\u00e1g n\u00f6vel\u00e9se, ez\u00e1ltal egy k\u00f6lts\u00e9ghat\u00e9kony \u00e9s megfizethet\u0151 HR r\u00e9szleg\u00a0l\u00e9trehoz\u00e1sa.<\/li>\n<li style=\"text-align: justify;\">K\u00f6vetkezetes kiszolg\u00e1l\u00e1s, amely minden ter\u00fcletre \u00e9s szolg\u00e1ltat\u00e1sra egyar\u00e1nt igaz, amit az \u00fcgyfeleink k\u00e9rnek.<\/li>\n<li style=\"text-align: justify;\">Paradigmav\u00e1lt\u00e1s a kihelyezett HR oszt\u00e1ly szolg\u00e1ltat\u00e1saiban, amely \u00fatt\u00f6r\u0151 folyamatokban nyilv\u00e1nul meg. A hagyom\u00e1nyos megold\u00e1sokat megk\u00e9rd\u0151jelezz\u00fck, \u00e9s el\u0151re tekint\u00fcnk.<\/li>\n<li style=\"text-align: justify;\">Az alkalmazottak ig\u00e9nyeinek \u00f6sszehangol\u00e1sa, biztos\u00edtja a folyamatos fejl\u0151d\u00e9st \u00e9s tanul\u00e1st.<\/li>\n<li style=\"text-align: justify;\">A csapatmunka \u00e1ll a f\u00f3kuszban, ami rengeteg el\u0151nnyel j\u00e1r minden v\u00e1llalati k\u00f6rnyezetben.<\/li>\n<li style=\"text-align: justify;\">\u0150szintes\u00e9g, \u00f6sszetart\u00e1s, kifog\u00e1stalan munkaerk\u00f6lcs f\u00e9mjelzi minden tev\u00e9kenys\u00e9g\u00fcnket.<\/li>\n<\/ul>\n","protected":false},"excerpt":{"rendered":"<p>C\u00e9g\u00fcnk k\u00fcldet\u00e9s\u00e9nek \u00e9rzi, hogy\u00a0el\u00e9gedett\u00e9 \u00e9s sikeress\u00e9 \u00a0tegye \u00fcgyfeleit kiv\u00e1l\u00f3 szolg\u00e1ltat\u00e1sokkal, \u00a0min\u0151s\u00e9gi megold\u00e1sokkal a hum\u00e1ner\u0151forr\u00e1s t\u00e1mogat\u00e1sa \u00e9s szervezetfejleszt\u00e9s ter\u00fclet\u00e9n! &nbsp; Ebb\u0151l a c\u00e9lb\u00f3l hoztuk l\u00e9tre a k\u00f6vetkez\u0151 alapelveket, \u00e9rt\u00e9keket: &nbsp; Min\u0151s\u00e9gellen\u0151rz\u00e9s a min\u0151s\u00e9gi el\u0151\u00edr\u00e1sok \u00e9s alapelvek alapj\u00e1n, folyamatok k\u00f6vet\u00e9se minden HR szolg\u00e1ltat\u00e1s eset\u00e9ben. Felesleges p\u00e1rhuzamos folyamatok kivon\u00e1sa, hat\u00e9konys\u00e1g n\u00f6vel\u00e9se, ez\u00e1ltal egy k\u00f6lts\u00e9ghat\u00e9kony \u00e9s megfizethet\u0151 HR r\u00e9szleg\u00a0l\u00e9trehoz\u00e1sa. [&hellip;]<\/p>\n","protected":false},"author":2,"featured_media":140,"parent":0,"menu_order":0,"comment_status":"closed","ping_status":"closed","template":"","meta":{"_et_pb_use_builder":"","_et_pb_old_content":"","_et_gb_content_width":"","footnotes":""},"class_list":["post-146","page","type-page","status-publish","has-post-thumbnail","hentry"],"aioseo_notices":[],"_links":{"self":[{"href":"https:\/\/hroptimum.hu\/index.php\/wp-json\/wp\/v2\/pages\/146","targetHints":{"allow":["GET"]}}],"collection":[{"href":"https:\/\/hroptimum.hu\/index.php\/wp-json\/wp\/v2\/pages"}],"about":[{"href":"https:\/\/hroptimum.hu\/index.php\/wp-json\/wp\/v2\/types\/page"}],"author":[{"embeddable":true,"href":"https:\/\/hroptimum.hu\/index.php\/wp-json\/wp\/v2\/users\/2"}],"replies":[{"embeddable":true,"href":"https:\/\/hroptimum.hu\/index.php\/wp-json\/wp\/v2\/comments?post=146"}],"version-history":[{"count":14,"href":"https:\/\/hroptimum.hu\/index.php\/wp-json\/wp\/v2\/pages\/146\/revisions"}],"predecessor-version":[{"id":437,"href":"https:\/\/hroptimum.hu\/index.php\/wp-json\/wp\/v2\/pages\/146\/revisions\/437"}],"wp:featuredmedia":[{"embeddable":true,"href":"https:\/\/hroptimum.hu\/index.php\/wp-json\/wp\/v2\/media\/140"}],"wp:attachment":[{"href":"https:\/\/hroptimum.hu\/index.php\/wp-json\/wp\/v2\/media?parent=146"}],"curies":[{"name":"wp","href":"https:\/\/api.w.org\/{rel}","templated":true}]}}