{"id":308,"date":"2016-11-02T22:15:22","date_gmt":"2016-11-02T22:15:22","guid":{"rendered":"https:\/\/hroptimum.hu\/?page_id=308"},"modified":"2016-11-10T19:33:32","modified_gmt":"2016-11-10T19:33:32","slug":"konzultacio","status":"publish","type":"page","link":"https:\/\/hroptimum.hu\/index.php\/konzultacio\/","title":{"rendered":"Konzult\u00e1ci\u00f3"},"content":{"rendered":"<p>[et_pb_section admin_label=&#8221;Szakasz&#8221; fullwidth=&#8221;on&#8221; specialty=&#8221;off&#8221; transparent_background=&#8221;off&#8221; background_color=&#8221;#ffffff&#8221; allow_player_pause=&#8221;off&#8221; inner_shadow=&#8221;off&#8221; parallax=&#8221;off&#8221; parallax_method=&#8221;off&#8221; padding_mobile=&#8221;off&#8221; make_fullwidth=&#8221;off&#8221; use_custom_width=&#8221;off&#8221; width_unit=&#8221;on&#8221; make_equal=&#8221;off&#8221; use_custom_gutter=&#8221;off&#8221;][et_pb_fullwidth_slider admin_label=&#8221;Teljes sz\u00e9less\u00e9g\u0171 lapoz\u00f3&#8221; show_arrows=&#8221;on&#8221; show_pagination=&#8221;on&#8221; auto=&#8221;off&#8221; auto_ignore_hover=&#8221;off&#8221; parallax=&#8221;off&#8221; parallax_method=&#8221;off&#8221; remove_inner_shadow=&#8221;off&#8221; background_position=&#8221;default&#8221; background_size=&#8221;default&#8221; hide_content_on_mobile=&#8221;off&#8221; hide_cta_on_mobile=&#8221;off&#8221; show_image_video_mobile=&#8221;off&#8221; custom_button=&#8221;off&#8221; button_letter_spacing=&#8221;0&#8243; button_use_icon=&#8221;default&#8221; button_icon_placement=&#8221;right&#8221; button_on_hover=&#8221;on&#8221; button_letter_spacing_hover=&#8221;0&#8243;] [et_pb_slide heading=&#8221;MI\u00c9RT KONZULT\u00c1LJUNK?&#8221; background_image=&#8221;https:\/\/hroptimum.hu\/wp-content\/uploads\/2016\/11\/bussines-coach_hroptimum_hu.jpg&#8221; background_position=&#8221;center&#8221; background_size=&#8221;cover&#8221; background_color=&#8221;#ffffff&#8221; use_bg_overlay=&#8221;off&#8221; use_text_overlay=&#8221;off&#8221; alignment=&#8221;center&#8221; background_layout=&#8221;light&#8221; allow_player_pause=&#8221;off&#8221; text_border_radius=&#8221;3&#8243; header_font_select=&#8221;Montserrat&#8221; header_font=&#8221;Montserrat||||&#8221; body_font_select=&#8221;default&#8221; body_font=&#8221;||||&#8221; custom_button=&#8221;off&#8221; button_font_select=&#8221;default&#8221; button_font=&#8221;||||&#8221; button_use_icon=&#8221;default&#8221; button_icon_placement=&#8221;right&#8221; button_on_hover=&#8221;on&#8221;] [\/et_pb_slide] [\/et_pb_fullwidth_slider][\/et_pb_section][et_pb_section admin_label=&#8221;section&#8221; fullwidth=&#8221;off&#8221;][et_pb_row admin_label=&#8221;Sor&#8221;][et_pb_column type=&#8221;4_4&#8243;][et_pb_text admin_label=&#8221;Sz\u00f6veg&#8221; background_layout=&#8221;light&#8221; text_orientation=&#8221;left&#8221; use_border_color=&#8221;off&#8221; border_color=&#8221;#ffffff&#8221; border_style=&#8221;solid&#8221;]<\/p>\n<p style=\"text-align: justify;\">Fontos d\u00f6nt\u00e9s el\u0151tt minden felel\u0151s vezet\u0151 m\u00e9rlegel. M\u00e9rlegeli, hogy az adott v\u00e1ltoztat\u00e1s milyen hat\u00e1ssal lesz a c\u00e9g\u00e9re, a c\u00e9g\u00e9ben dolgoz\u00f3kra \u00e9s egy\u00fattal saj\u00e1t mag\u00e1ra. J\u00f3 d\u00f6nt\u00e9st hozni csak megfontoltan \u00e9s kell\u0151 odafigyel\u00e9ssel lehet. \u00a0A c\u00e9gvezet\u0151k n\u00e9ha neh\u00e9z, strat\u00e9giailag fontos \u00e9s vissza nem ford\u00edthat\u00f3 d\u00f6nt\u00e9sekre k\u00e9nyszer\u00fclnek, ahhoz hogy egy c\u00e9g folyamatosan fejl\u0151dj\u00f6n szervezetfejleszt\u00e9sre, \u00e1talak\u00edt\u00e1sokra lehet sz\u00fcks\u00e9g..\u00a0A nagyobb volumen\u0171 szervezetet \u00e9rint\u0151 v\u00e1ltoztat\u00e1s el\u0151tt c\u00e9lszer\u0171 egy olyan szak\u00e9rt\u0151 t\u00e1mogat\u00e1s seg\u00edts\u00e9g\u00e9t k\u00e9rni, aki\u00a0t\u00f6bb mint 10 \u00e9ve a kis \u00e9s k\u00f6z\u00e9pv\u00e1llalatokra szakosodott tan\u00e1csad\u00f3. Ez ut\u00f3bbi lenn\u00e9k \u00e9n, Nagy S\u00e1ndor,\u00a0c\u00e9g\u00fcnk vezet\u0151 tan\u00e1csad\u00f3ja. A szakter\u00fcleteim, amiben seg\u00edts\u00e9get, t\u00e1mogat\u00e1st ny\u00fajtok \u00d6nnek:<\/p>\n<p>szervezetfejleszt\u00e9s<br \/>\nmotiv\u00e1ci\u00f3s rendszerek, teljes\u00edtm\u00e9nyb\u00e9rez\u00e9s, \u00e9rdekelts\u00e9gi rend<br \/>\nc\u00e9ges mutat\u00f3k, teljes\u00edtm\u00e9ny m\u00e9r\u0151sz\u00e1mok<br \/>\nk\u00f6z\u00e9pv\u00e1llalati kontrolling<br \/>\np\u00e9nz\u00fcgyek, cash-flow gazd\u00e1lkod\u00e1s, vev\u0151k hitelb\u00edr\u00e1lata<br \/>\nhierarchia, szervezeti \u00e1bra<br \/>\nmunkak\u00f6ri le\u00edr\u00e1sok<br \/>\nfolyamatle\u00edr\u00e1sok<br \/>\ntermel\u00e9s szervez\u00e9s lean m\u00f3dszerekkel<br \/>\nnorm\u00e1z\u00e1s, norma k\u00e9sz\u00edt\u00e9s, norma sz\u00e1m\u00edt\u00e1s<br \/>\ntermel\u00e9kenys\u00e9g, hat\u00e9konys\u00e1g jav\u00edt\u00e1sa<br \/>\nhelyes viselked\u00e9s, viselked\u00e9si k\u00f3dex<br \/>\nversenyk\u00e9pess\u00e9g, exportk\u00e9pess\u00e9g, importtal versenyezni tud\u00e1s<\/p>\n<p style=\"text-align: justify;\">Amennyiben a fenti ter\u00fcleteket \u00e9rint az \u00d6n el\u0151tt \u00e1ll\u00f3 d\u00f6nt\u00e9s, aj\u00e1nlom szolg\u00e1ltat\u00e1somat \u00d6nnek. \u00a0A konzult\u00e1ci\u00f3 sor\u00e1n teljes titoktart\u00e1st fogadok a hallottakra, l\u00e1tottakra. Coaching szeml\u00e9let \u00e9s m\u00f3dszertan alkalmaz\u00e1s\u00e1val a konzult\u00e1ci\u00f3 sor\u00e1n t\u00e1j\u00e9koz\u00f3dom, k\u00e9rd\u00e9seket teszek fel, \u00edgy felt\u00e9rk\u00e9pezz\u00fck k\u00f6z\u00f6sen az \u00d6n c\u00e9g\u00e9t, ig\u00e9nyeit, lehet\u0151s\u00e9geit annak \u00e9rdek\u00e9ben, hogy a lehet\u0151 legoptim\u00e1lisabb d\u00f6nt\u00e9seket hozza meg.<\/p>\n<p>[\/et_pb_text][\/et_pb_column][\/et_pb_row][et_pb_row admin_label=&#8221;row&#8221;][et_pb_column type=&#8221;2_3&#8243;][et_pb_contact_form admin_label=&#8221;Contact Form&#8221; captcha=&#8221;off&#8221; title=&#8221;FORDULJON HOZZ\u00c1M BIZALOMMAL!&#8221; use_redirect=&#8221;off&#8221; input_border_radius=&#8221;0&#8243; use_border_color=&#8221;off&#8221; border_color=&#8221;#ffffff&#8221; border_style=&#8221;solid&#8221; custom_button=&#8221;off&#8221; button_letter_spacing=&#8221;0&#8243; button_use_icon=&#8221;default&#8221; button_icon_placement=&#8221;right&#8221; button_on_hover=&#8221;on&#8221; button_letter_spacing_hover=&#8221;0&#8243; email=&#8221;sandor.nagy@hroptimum.hu&#8221;] [et_pb_contact_field field_title=&#8221;N\u00e9v&#8221; field_type=&#8221;input&#8221; field_id=&#8221;N\u00e9v&#8221; required_mark=&#8221;on&#8221; fullwidth_field=&#8221;off&#8221; form_field_font_select=&#8221;default&#8221; form_field_font=&#8221;||||&#8221; use_border_color=&#8221;off&#8221; border_style=&#8221;solid&#8221;] [\/et_pb_contact_field][et_pb_contact_field field_title=&#8221;Email c\u00edm&#8221; field_type=&#8221;email&#8221; field_id=&#8221;Email&#8221; required_mark=&#8221;on&#8221; fullwidth_field=&#8221;off&#8221; form_field_font_select=&#8221;default&#8221; form_field_font=&#8221;||||&#8221; use_border_color=&#8221;off&#8221; border_style=&#8221;solid&#8221;] [\/et_pb_contact_field][et_pb_contact_field field_title=&#8221;\u00dczenet&#8221; field_type=&#8221;text&#8221; field_id=&#8221;Message&#8221; required_mark=&#8221;on&#8221; fullwidth_field=&#8221;on&#8221; form_field_font_select=&#8221;default&#8221; form_field_font=&#8221;||||&#8221; use_border_color=&#8221;off&#8221; border_style=&#8221;solid&#8221;] [\/et_pb_contact_field] [\/et_pb_contact_form][\/et_pb_column][et_pb_column type=&#8221;1_3&#8243;][et_pb_text admin_label=&#8221;Text&#8221; background_layout=&#8221;light&#8221; text_orientation=&#8221;left&#8221; use_border_color=&#8221;off&#8221; border_color=&#8221;#ffffff&#8221; border_style=&#8221;solid&#8221;]<\/p>\n<h1>Nagy S\u00e1ndor<\/h1>\n<div>\n<div class=\"gmail_signature\">\n<div dir=\"ltr\">\n<div>alap\u00edt\u00f3, c\u00e9gvezet\u0151<\/div>\n<\/div>\n<\/div>\n<\/div>\n<div><span style=\"color: #ffffff;\">\u00a0.<\/span><\/div>\n<div><span style=\"color: #ffffff;\">\u00a0.<\/span><\/div>\n<div><span style=\"color: #ffffff;\">\u00a0.<\/span><\/div>\n<div>\n<div class=\"gmail_signature\">\n<div dir=\"ltr\">\n<div><strong>Telefon:<\/strong> +36 30 611 38 12<\/div>\n<div><strong>Email:<\/strong><a href=\"mailto:sandor.nagy@hroptimum.hu\">sandor.nagy@hroptimum.hu<\/a><\/div>\n<div><strong>\u00dczleti \u00f3r\u00e1k:<\/strong>\u00a0H-P 9:00 &#8211; 17:00<\/div>\n<\/div>\n<\/div>\n<\/div>\n<p>[\/et_pb_text][\/et_pb_column][\/et_pb_row][\/et_pb_section]<\/p>\n","protected":false},"excerpt":{"rendered":"<p>Fontos d\u00f6nt\u00e9s el\u0151tt minden felel\u0151s vezet\u0151 m\u00e9rlegel. M\u00e9rlegeli, hogy az adott v\u00e1ltoztat\u00e1s milyen hat\u00e1ssal lesz a c\u00e9g\u00e9re, a c\u00e9g\u00e9ben dolgoz\u00f3kra \u00e9s egy\u00fattal saj\u00e1t mag\u00e1ra. J\u00f3 d\u00f6nt\u00e9st hozni csak megfontoltan \u00e9s kell\u0151 odafigyel\u00e9ssel lehet. \u00a0A c\u00e9gvezet\u0151k n\u00e9ha neh\u00e9z, strat\u00e9giailag fontos \u00e9s vissza nem ford\u00edthat\u00f3 d\u00f6nt\u00e9sekre k\u00e9nyszer\u00fclnek, ahhoz hogy egy c\u00e9g folyamatosan fejl\u0151dj\u00f6n szervezetfejleszt\u00e9sre, \u00e1talak\u00edt\u00e1sokra lehet sz\u00fcks\u00e9g..\u00a0A [&hellip;]<\/p>\n","protected":false},"author":2,"featured_media":0,"parent":0,"menu_order":0,"comment_status":"closed","ping_status":"closed","template":"","meta":{"_et_pb_use_builder":"on","_et_pb_old_content":"","_et_gb_content_width":"","footnotes":""},"class_list":["post-308","page","type-page","status-publish","hentry"],"aioseo_notices":[],"_links":{"self":[{"href":"https:\/\/hroptimum.hu\/index.php\/wp-json\/wp\/v2\/pages\/308","targetHints":{"allow":["GET"]}}],"collection":[{"href":"https:\/\/hroptimum.hu\/index.php\/wp-json\/wp\/v2\/pages"}],"about":[{"href":"https:\/\/hroptimum.hu\/index.php\/wp-json\/wp\/v2\/types\/page"}],"author":[{"embeddable":true,"href":"https:\/\/hroptimum.hu\/index.php\/wp-json\/wp\/v2\/users\/2"}],"replies":[{"embeddable":true,"href":"https:\/\/hroptimum.hu\/index.php\/wp-json\/wp\/v2\/comments?post=308"}],"version-history":[{"count":11,"href":"https:\/\/hroptimum.hu\/index.php\/wp-json\/wp\/v2\/pages\/308\/revisions"}],"predecessor-version":[{"id":452,"href":"https:\/\/hroptimum.hu\/index.php\/wp-json\/wp\/v2\/pages\/308\/revisions\/452"}],"wp:attachment":[{"href":"https:\/\/hroptimum.hu\/index.php\/wp-json\/wp\/v2\/media?parent=308"}],"curies":[{"name":"wp","href":"https:\/\/api.w.org\/{rel}","templated":true}]}}